{"id":41777,"date":"2026-03-10T14:07:21","date_gmt":"2026-03-10T12:07:21","guid":{"rendered":"https:\/\/www.joma-orhei.md\/?post_type=product&#038;p=41777"},"modified":"2026-03-10T14:07:21","modified_gmt":"2026-03-10T12:07:21","slug":"jcambw2524v-camba-jr-2524-brown","status":"publish","type":"product","link":"https:\/\/www.joma-orhei.md\/ru\/product\/jcambw2524v-camba-jr-2524-brown\/","title":{"rendered":"JCAMBW2524V -CAMBA JR 2524 BROWN"},"content":{"rendered":"<div class=\"elementor-element elementor-element-53ab11f elementor-widget elementor-widget-heading\" data-id=\"53ab11f\" data-element_type=\"widget\" data-widget_type=\"heading.default\">\n<div class=\"elementor-widget-container\">Botine din linie urban\u0103 pentru b\u0103ie\u021bi \u0219i fete, cu un design practic, cu talie medie, ideal pentru utilizarea zilnic\u0103, at\u00e2t la \u0219coal\u0103, c\u00e2t \u0219i \u00een timpul liber. Modelul cu talie medie ofer\u0103 suport suplimentar pentru glezn\u0103, ajut\u00e2nd la \u00eembun\u0103t\u0103\u021birea stabilit\u0103\u021bii \u0219i protejarea zonei \u00een timpul mi\u0219c\u0103rilor active. Partea superioar\u0103 este confec\u021bionat\u0103 din piele sintetic\u0103, asigur\u00e2nd o potrivire confortabil\u0103 \u0219i o durabilitate mare, perfect\u0103 pentru a \u021bine pasul cu ritmul celor mici. Talpa exterioar\u0103 din cauciuc DURABILITY ofer\u0103 o aderen\u021b\u0103 excelent\u0103, asigur\u00e2nd stabilitate \u0219i durabilitate, \u00een timp ce sistemul VTS integrat optimizeaz\u0103 circula\u021bia aerului, men\u021bin\u00e2nd picioarele r\u0103coroase \u0219i uscate. Acest design versatil combin\u0103 func\u021bionalitatea \u0219i stilul, adapt\u00e2ndu-se u\u0219or la orice ocazie. \u00cenchiderea cu \u0219ireturi \u0219i velcro-ul asigur\u0103 o potrivire confortabil\u0103 \u0219i practic\u0103, permi\u021b\u00e2nd copiilor s\u0103 le \u00eembrace \u0219i s\u0103 le dezbrace cu u\u0219urin\u021b\u0103. Caracteristici Parte superioar\u0103 din piele sintetic\u0103 rezistent\u0103 cu tehnologie VTS Talp\u0103 de cauciuc DURABILITATE<\/div>\n<\/div>","protected":false},"excerpt":{"rendered":"<p>Botine din linie urban\u0103 pentru b\u0103ie\u021bi \u0219i fete.<\/p>","protected":false},"featured_media":41779,"template":"","meta":{"_themeisle_gutenberg_block_has_review":false},"product_brand":[370],"product_cat":[337,353],"product_tag":[],"class_list":{"0":"post-41777","1":"product","2":"type-product","3":"status-publish","4":"has-post-thumbnail","6":"product_brand-joma","7":"product_cat-copii","8":"product_cat-de-iarna-incaltaminte-copii","9":"pa_marime-pantofi-402","10":"pa_marime-pantofi-403","12":"first","13":"instock","14":"shipping-taxable","15":"purchasable","16":"product-type-variable"},"_links":{"self":[{"href":"https:\/\/www.joma-orhei.md\/ru\/wp-json\/wp\/v2\/product\/41777","targetHints":{"allow":["GET"]}}],"collection":[{"href":"https:\/\/www.joma-orhei.md\/ru\/wp-json\/wp\/v2\/product"}],"about":[{"href":"https:\/\/www.joma-orhei.md\/ru\/wp-json\/wp\/v2\/types\/product"}],"wp:featuredmedia":[{"embeddable":true,"href":"https:\/\/www.joma-orhei.md\/ru\/wp-json\/wp\/v2\/media\/41779"}],"wp:attachment":[{"href":"https:\/\/www.joma-orhei.md\/ru\/wp-json\/wp\/v2\/media?parent=41777"}],"wp:term":[{"taxonomy":"product_brand","embeddable":true,"href":"https:\/\/www.joma-orhei.md\/ru\/wp-json\/wp\/v2\/product_brand?post=41777"},{"taxonomy":"product_cat","embeddable":true,"href":"https:\/\/www.joma-orhei.md\/ru\/wp-json\/wp\/v2\/product_cat?post=41777"},{"taxonomy":"product_tag","embeddable":true,"href":"https:\/\/www.joma-orhei.md\/ru\/wp-json\/wp\/v2\/product_tag?post=41777"}],"curies":[{"name":"wp","href":"https:\/\/api.w.org\/{rel}","templated":true}]}}