{"id":41728,"date":"2026-03-10T13:16:03","date_gmt":"2026-03-10T11:16:03","guid":{"rendered":"https:\/\/www.joma-orhei.md\/?post_type=product&#038;p=41728"},"modified":"2026-03-10T13:16:03","modified_gmt":"2026-03-10T11:16:03","slug":"golw2401fg-gol-2401-black-lemon-fluor-firm-ground","status":"publish","type":"product","link":"https:\/\/www.joma-orhei.md\/ru\/product\/golw2401fg-gol-2401-black-lemon-fluor-firm-ground\/","title":{"rendered":"GOLW2401FG -GOL 2401 BLACK LEMON FLUOR FIRM GROUND"},"content":{"rendered":"<h2>Descriere<\/h2>\n<div class=\"Textcollapse\">\n<p>Ghete de fotbal pe teren ferm (FG). Aceste ghete sunt dezvoltate pentru tineri prospecti la fotbal care caut\u0103 vitez\u0103 pur\u0103 pe teren.<\/p>\n<p>Partea superioar\u0103 este realizat\u0103 din piele sintetic\u0103, un material flexibil, u\u0219or \u0219i rezistent la abraziune \u00een partea superioar\u0103. Construc\u021bia sa f\u0103r\u0103 cusur\u0103, folosind tehnologia ONE PIECE, reduce greutatea \u00eenc\u0103l\u021b\u0103mintei, f\u0103c\u00e2ndu-le mai confortabile. Potrivire excep\u021bional\u0103 datorit\u0103 gulerului SOCK SYSTEM, care spore\u0219te \u0219i flexibilitatea \u0219i confortul \u00een timpul utiliz\u0103rii.<\/p>\n<p>Incorporarea unui EXO COUNTER spate care ofer\u0103 stabilitate zonei \u00een timpul schimb\u0103rilor de direc\u021bie.<\/p>\n<p>Talpa este realizat\u0103 din fibr\u0103 sintetic\u0103 translucid\u0103, adaptat\u0103 la acest tip de teren, control\u00e2nd mai bine mi\u0219c\u0103rile pe terenuri ferme neabrazive.<\/p>\n<\/div>","protected":false},"excerpt":{"rendered":"<p>Ghete de fotbal pe teren ferm (FG).<\/p>","protected":false},"featured_media":41730,"template":"","meta":{"_themeisle_gutenberg_block_has_review":false},"product_brand":[370],"product_cat":[307,323,320],"product_tag":[],"class_list":{"0":"post-41728","1":"product","2":"type-product","3":"status-publish","4":"has-post-thumbnail","6":"product_brand-joma","7":"product_cat-barbati","8":"product_cat-ghete-pentru-fotbal","9":"product_cat-incaltaminte","10":"pa_marime-pantofi-380","12":"first","13":"instock","14":"shipping-taxable","15":"purchasable","16":"product-type-variable"},"_links":{"self":[{"href":"https:\/\/www.joma-orhei.md\/ru\/wp-json\/wp\/v2\/product\/41728","targetHints":{"allow":["GET"]}}],"collection":[{"href":"https:\/\/www.joma-orhei.md\/ru\/wp-json\/wp\/v2\/product"}],"about":[{"href":"https:\/\/www.joma-orhei.md\/ru\/wp-json\/wp\/v2\/types\/product"}],"wp:featuredmedia":[{"embeddable":true,"href":"https:\/\/www.joma-orhei.md\/ru\/wp-json\/wp\/v2\/media\/41730"}],"wp:attachment":[{"href":"https:\/\/www.joma-orhei.md\/ru\/wp-json\/wp\/v2\/media?parent=41728"}],"wp:term":[{"taxonomy":"product_brand","embeddable":true,"href":"https:\/\/www.joma-orhei.md\/ru\/wp-json\/wp\/v2\/product_brand?post=41728"},{"taxonomy":"product_cat","embeddable":true,"href":"https:\/\/www.joma-orhei.md\/ru\/wp-json\/wp\/v2\/product_cat?post=41728"},{"taxonomy":"product_tag","embeddable":true,"href":"https:\/\/www.joma-orhei.md\/ru\/wp-json\/wp\/v2\/product_tag?post=41728"}],"curies":[{"name":"wp","href":"https:\/\/api.w.org\/{rel}","templated":true}]}}