{"id":41683,"date":"2026-03-10T12:41:03","date_gmt":"2026-03-10T10:41:03","guid":{"rendered":"https:\/\/www.joma-orhei.md\/?post_type=product&#038;p=41683"},"modified":"2026-03-18T20:54:55","modified_gmt":"2026-03-18T18:54:55","slug":"evjs2601fg-evolution-jr-2601-black-firm-ground","status":"publish","type":"product","link":"https:\/\/www.joma-orhei.md\/ru\/product\/evjs2601fg-evolution-jr-2601-black-firm-ground\/","title":{"rendered":"EVJS2601FG -EVOLUTION JR 2601 BLACK FIRM GROUND"},"content":{"rendered":"<p><strong><br \/>\n<span dir=\"auto\">Ghete de fotbal pentru b\u0103ie\u021bi \u0219i fete. Talp\u0103 exterioar\u0103 FG pentru joc pe teren ferm. Acest model se remarc\u0103 prin versatilitatea \u0219i durabilitatea sa ridicat\u0103, ideal pentru \u00eencep\u0103tori sau pentru \u00eembun\u0103t\u0103\u021birea abilit\u0103\u021bilor de joc.<\/span><\/p>\n<p><span dir=\"auto\">Partea superioar\u0103 este fabricat\u0103 din material sintetic de \u00eenalt\u0103 calitate, oferind un contact excelent cu mingea pentru o precizie mai mare la fiecare atingere. Designul este conceput pentru performan\u021b\u0103 maxim\u0103 \u0219i confort \u00een timpul jocului.<\/span><\/p>\n<p><span dir=\"auto\">EXO COUNTER \u00een partea din spate a piciorului. Ofer\u0103 suport suplimentar la schimbarea direc\u021biei, f\u0103c\u00e2nd ghetele mai stabile.<\/span><\/p>\n<p><span dir=\"auto\">Talpa exterioar\u0103 este fabricat\u0103 din TPU extrem de durabil, oferind o reac\u021bie excelent\u0103 pe iarb\u0103 natural\u0103. Plasarea strategic\u0103 a crampoanelor reduce presiunea asupra solului \u0219i \u00eembun\u0103t\u0103\u021be\u0219te trac\u021biunea f\u0103r\u0103 a reduce durabilitatea.<\/span><\/p>\n<p><span dir=\"auto\">Caracteristici:<\/span><br \/>\n<span dir=\"auto\">Design din material sintetic (Fibertech)<\/span><br \/>\n<span dir=\"auto\">Talp\u0103 exterioar\u0103 din fibr\u0103 sintetic\u0103 EXO COUNTER<\/span><br \/>\n<span dir=\"auto\">pe partea din spate a c\u0103lc\u00e2iului<\/span><br \/>\n<span dir=\"auto\">Informa\u021bii tehnice<\/span><br \/>\n<span dir=\"auto\">Suprafa\u021b\u0103: iarb\u0103 natural\u0103 semi-uscat\u0103 \u0219i dur\u0103<\/span><\/strong><\/p>","protected":false},"excerpt":{"rendered":"<p><strong><span dir=\"auto\">Ghete de fotbal pentru b\u0103ie\u021bi \u0219i fete.<\/span><\/strong><\/p>","protected":false},"featured_media":41685,"template":"","meta":{"_themeisle_gutenberg_block_has_review":false},"product_brand":[370],"product_cat":[348,337,347],"product_tag":[],"class_list":{"0":"post-41683","1":"product","2":"type-product","3":"status-publish","4":"has-post-thumbnail","6":"product_brand-joma","7":"product_cat-adidasi-incaltaminte-copii","8":"product_cat-copii","9":"product_cat-incaltaminte-copii","10":"pa_marime-pantofi-403","11":"pa_marime-pantofi-399","12":"pa_marime-pantofi-398","13":"pa_marime-pantofi-372","14":"pa_marime-pantofi-373","15":"pa_marime-pantofi-374","16":"pa_marime-pantofi-375","18":"first","19":"instock","20":"shipping-taxable","21":"purchasable","22":"product-type-variable"},"_links":{"self":[{"href":"https:\/\/www.joma-orhei.md\/ru\/wp-json\/wp\/v2\/product\/41683","targetHints":{"allow":["GET"]}}],"collection":[{"href":"https:\/\/www.joma-orhei.md\/ru\/wp-json\/wp\/v2\/product"}],"about":[{"href":"https:\/\/www.joma-orhei.md\/ru\/wp-json\/wp\/v2\/types\/product"}],"wp:featuredmedia":[{"embeddable":true,"href":"https:\/\/www.joma-orhei.md\/ru\/wp-json\/wp\/v2\/media\/41685"}],"wp:attachment":[{"href":"https:\/\/www.joma-orhei.md\/ru\/wp-json\/wp\/v2\/media?parent=41683"}],"wp:term":[{"taxonomy":"product_brand","embeddable":true,"href":"https:\/\/www.joma-orhei.md\/ru\/wp-json\/wp\/v2\/product_brand?post=41683"},{"taxonomy":"product_cat","embeddable":true,"href":"https:\/\/www.joma-orhei.md\/ru\/wp-json\/wp\/v2\/product_cat?post=41683"},{"taxonomy":"product_tag","embeddable":true,"href":"https:\/\/www.joma-orhei.md\/ru\/wp-json\/wp\/v2\/product_tag?post=41683"}],"curies":[{"name":"wp","href":"https:\/\/api.w.org\/{rel}","templated":true}]}}