{"id":41673,"date":"2026-03-10T12:23:37","date_gmt":"2026-03-10T10:23:37","guid":{"rendered":"https:\/\/www.joma-orhei.md\/?post_type=product&#038;p=41673"},"modified":"2026-03-10T12:23:37","modified_gmt":"2026-03-10T10:23:37","slug":"dris2401tf-dribling-2401-black-turf","status":"publish","type":"product","link":"https:\/\/www.joma-orhei.md\/ru\/product\/dris2401tf-dribling-2401-black-turf\/","title":{"rendered":"DRIS2401TF -DRIBLING 2401 BLACK TURF"},"content":{"rendered":"<div id=\"tw-container\" class=\"nev7se\" data-cp=\"1\" data-nnttsvi=\"1\" data-sletp=\"false\" data-sm=\"1\" data-ssbp=\"true\" data-sugg-time=\"500\" data-sugg-url=\"https:\/\/clients1.google.com\/complete\/search\" data-uilc=\"ro\" data-vil=\",af,af-ZA,am,am-ET,ar-EG,ar-AE,ar-KW,ar-QA,ar,ar-IL,ar-JO,ar-LB,ar-PS,az,az-AZ,bg,bg-BG,bn,bn-BD,bn-IN,ca,ca-es,cs,cs-CZ,de,de-DE,de-CH,de-AT,de-LI,en,en-US,en-CA,en-AU,en-NZ,en-GB,en-IN,en-KE,en-TZ,en-NG,en-GH,en-PH,en-ZA,es,es-ES,es-AR,es-UY,es-419,es-BO,es-CL,es-CR,es-CO,es-DO,es-EC,es-GT,es-HN,es-NI,es-PA,es-PE,es-PR,es-PY,es-SV,es-VE,es-MX,es-US,eu,eu-ES,fi,fi-FI,fr,fr-FR,fr-CH,fr-BE,gl,gl-ES,gu,gu-IN,he,he-IL,iw,iw-IL,hu,hu-HU,hy,hy-AM,id,id-ID,is,is-IS,it,it-IT,it-CH,ja,ja-JP,jv,jv-ID,ka,ka-GE,km,km-KH,kn,kn-IN,ko,ko-KR,la,lo,lo-LA,lv,lv-LV,ml,ml-IN,mr,mr-IN,ms,ms-MY,nl,nl-NL,nb,nb-NO,ne,ne-NP,pl,pl-PL,pt,pt-BR,pt-PT,ro,ro-RO,ru,ru-RU,si-LK,sk,sk-SK,sr,sr-RS,su,su-ID,sv,sv-SE,sw,sw-TZ,sw-KE,ta,ta-IN,ta-SG,ta-LK,ta-MY,te,te-IN,tr,tr-TR,ur,ur-PK,ur-IN,yue,yue-HK,yue-Hant-HK,zh-HK,zh,zh-CN,zh-cmn,zh-cmn-CN,zh-Hans,zh-Hans-CN,zh-cmn-Hans,zh-cmn-Hans-CN,cmn-CN,cmn-Hans,cmn-Hans-CN,zh-TW,zh-Hant-TW,cmn-TW,cmn-Hant-TW,zh-cmn-TW,zh-cmn-Hant-TW,zu,zu-ZA,hi,hi-IN,tl,tl-PH,pa,pa-IN\">\n<div>\n<div>\n<div id=\"tw-ob\" class=\"tw-src-ltr\">\n<div class=\"oSioSc\">\n<div id=\"tw-target\">\n<div id=\"kAz1tf\" class=\"g9WsWb PZPZlf\" data-attrid=\"tw-targetArea\" data-entityname=\"Google Translate\">\n<div id=\"tw-target-text-container\" class=\"tw-ta-container tw-nfl\" tabindex=\"0\" role=\"text\">\n<p>&nbsp;<\/p>\n<pre id=\"tw-target-text\" class=\"tw-data-text tw-text-large tw-ta\" dir=\"ltr\" tabindex=\"-1\" role=\"text\" data-placeholder=\"Traducere\" data-ved=\"2ahUKEwjv8_qmjZWTAxU6HRAIHRz4C7cQ3ewLegQIBBAW\" aria-label=\"Text tradus: Ghete de fotbal pentru gazon artificial (suprafe\u021be sintetice). Model unisex economic recomandat juc\u0103torilor de fotbal afla\u021bi \u00een stadiul de ini\u021biere sau amator. Ace\u0219ti pantofi versatili sunt ideali pentru tinerii juc\u0103tori de fotbal \u00een ascensiune care doresc s\u0103 se antreneze \u0219i s\u0103 joace confortabil.Partea superioar\u0103 este realizat\u0103 prin combinarea diferitelor materiale. Pe de o parte, p\u0103r\u021bile din PVC ofer\u0103 rezisten\u021b\u0103 \u0219i un contact bun cu mingea. Pentru a optimiza respirabilitatea \u0219i u\u0219urin\u021ba, au fost ad\u0103ugate p\u0103r\u021bi din material textil cu perfora\u021bii VTS pentru a men\u021bine piciorul la o temperatur\u0103 constant\u0103 \u00een permanen\u021b\u0103. Limba din material textil u\u0219or \u0219i \u0219ireturile PERFECT FIT \u00eembun\u0103t\u0103\u021besc suportul \u0219i potrivirea.Prezint\u0103 o pies\u0103 PROTECTION care protejeaz\u0103 zona, reactiv\u00e2nd lovitura mingii la nivelul v\u00e2rfului.Talpa este fabricat\u0103 dintr-o singur\u0103 bucat\u0103 de cauciuc DURABILITY. Calitate \u00eenalt\u0103, rezisten\u021b\u0103 bun\u0103 la uzur\u0103 datorit\u0103 abraziunii \u0219i aderen\u021b\u0103 la suprafa\u021b\u0103. Cu structur\u0103 multi-crampoane care reduce presiunea pe picior, asigur\u00e2nd un suport bun.\"><span class=\"Y2IQFc\" lang=\"ro\">Ghete de fotbal pentru gazon artificial (suprafe\u021be sintetice). Model unisex economic recomandat juc\u0103torilor de fotbal afla\u021bi \u00een stadiul de ini\u021biere sau amator. Ace\u0219ti pantofi versatili sunt ideali pentru tinerii juc\u0103tori de fotbal \u00een ascensiune care doresc s\u0103 se antreneze \u0219i s\u0103 joace confortabil.\r\n\r\n\r\nPartea superioar\u0103 este realizat\u0103 prin combinarea diferitelor materiale. Pe de o parte, p\u0103r\u021bile din PVC ofer\u0103 rezisten\u021b\u0103 \u0219i un contact bun cu mingea. Pentru a optimiza respirabilitatea \u0219i u\u0219urin\u021ba, au fost ad\u0103ugate p\u0103r\u021bi din material textil cu perfora\u021bii VTS pentru a men\u021bine piciorul la o temperatur\u0103 constant\u0103 \u00een permanen\u021b\u0103. Limba din material textil u\u0219or \u0219i \u0219ireturile PERFECT FIT \u00eembun\u0103t\u0103\u021besc suportul \u0219i potrivirea.\r\n\r\n\r\nPrezint\u0103 o pies\u0103 PROTECTION care protejeaz\u0103 zona, reactiv\u00e2nd lovitura mingii la nivelul v\u00e2rfului.\r\n\r\n\r\nTalpa este fabricat\u0103 dintr-o singur\u0103 bucat\u0103 de cauciuc DURABILITY. Calitate \u00eenalt\u0103, rezisten\u021b\u0103 bun\u0103 la uzur\u0103 datorit\u0103 abraziunii \u0219i aderen\u021b\u0103 la suprafa\u021b\u0103. Cu structur\u0103 multi-crampoane care reduce presiunea pe picior, asigur\u00e2nd un suport bun.<\/span><\/pre>\n<\/div>\n<div class=\"iYB33c\">\n<div id=\"tw-tmenu\" class=\"tw-menu\"><\/div>\n<\/div>\n<\/div>\n<\/div>\n<\/div>\n<\/div>\n<div id=\"tw-images\"><\/div>\n<div class=\"dURPtb\"><\/div>\n<div>\n<div><\/div>\n<\/div>\n<\/div>\n<\/div>\n<\/div>\n<div class=\"KFFQ0c xKf9F\"><\/div>","protected":false},"excerpt":{"rendered":"<p>Ghete de fotbal.<\/p>","protected":false},"featured_media":41676,"template":"","meta":{"_themeisle_gutenberg_block_has_review":false},"product_brand":[370],"product_cat":[307,323,320],"product_tag":[],"class_list":{"0":"post-41673","1":"product","2":"type-product","3":"status-publish","4":"has-post-thumbnail","6":"product_brand-joma","7":"product_cat-barbati","8":"product_cat-ghete-pentru-fotbal","9":"product_cat-incaltaminte","10":"pa_marime-pantofi-379","12":"first","13":"instock","14":"shipping-taxable","15":"purchasable","16":"product-type-variable"},"_links":{"self":[{"href":"https:\/\/www.joma-orhei.md\/ru\/wp-json\/wp\/v2\/product\/41673","targetHints":{"allow":["GET"]}}],"collection":[{"href":"https:\/\/www.joma-orhei.md\/ru\/wp-json\/wp\/v2\/product"}],"about":[{"href":"https:\/\/www.joma-orhei.md\/ru\/wp-json\/wp\/v2\/types\/product"}],"wp:featuredmedia":[{"embeddable":true,"href":"https:\/\/www.joma-orhei.md\/ru\/wp-json\/wp\/v2\/media\/41676"}],"wp:attachment":[{"href":"https:\/\/www.joma-orhei.md\/ru\/wp-json\/wp\/v2\/media?parent=41673"}],"wp:term":[{"taxonomy":"product_brand","embeddable":true,"href":"https:\/\/www.joma-orhei.md\/ru\/wp-json\/wp\/v2\/product_brand?post=41673"},{"taxonomy":"product_cat","embeddable":true,"href":"https:\/\/www.joma-orhei.md\/ru\/wp-json\/wp\/v2\/product_cat?post=41673"},{"taxonomy":"product_tag","embeddable":true,"href":"https:\/\/www.joma-orhei.md\/ru\/wp-json\/wp\/v2\/product_tag?post=41673"}],"curies":[{"name":"wp","href":"https:\/\/api.w.org\/{rel}","templated":true}]}}