{"id":41663,"date":"2026-03-10T12:15:33","date_gmt":"2026-03-10T10:15:33","guid":{"rendered":"https:\/\/www.joma-orhei.md\/?post_type=product&#038;p=41663"},"modified":"2026-03-10T12:15:35","modified_gmt":"2026-03-10T10:15:35","slug":"czens2621-zen-men-2621-black","status":"publish","type":"product","link":"https:\/\/www.joma-orhei.md\/ru\/product\/czens2621-zen-men-2621-black\/","title":{"rendered":"CZENS2621 -ZEN MEN 2621 BLACK"},"content":{"rendered":"<p>&nbsp;<\/p>\n<p>Caracteristici:<\/p>\n<ul>\n<li>Material exterior: Textil, Sintetic;<\/li>\n<li>Material interior: Textil;<\/li>\n<li>Talpa: Cauciuc;<\/li>\n<li>Partea superioar\u0103 din mesh tehnic respirabil cu \u00eent\u0103rituri termo-lipite JOMA SPORTECH pentru sus\u021binere;<\/li>\n<li>Tehnologie VTS pentru ventilare optim\u0103 \u0219i picior r\u0103coros;<\/li>\n<li>Brant MEMORY FOAM care se muleaz\u0103 pe picior pentru amortizare \u0219i confort;<\/li>\n<li>Midsole EXTRA COMFORT din phylon Taiji pentru amortizare superioar\u0103;<\/li>\n<li>Talp\u0103 antiderapant\u0103 pentru siguran\u021b\u0103 \u0219i stabilitate la mers;<\/li>\n<li>Ideali pentru plimb\u0103ri \u0219i activit\u0103\u021bi zilnice.<\/li>\n<\/ul>","protected":false},"excerpt":{"rendered":"<p>Adidasi pentru barbati.<\/p>","protected":false},"featured_media":41664,"template":"","meta":{"_themeisle_gutenberg_block_has_review":false},"product_brand":[370],"product_cat":[321,307,320],"product_tag":[],"class_list":{"0":"post-41663","1":"product","2":"type-product","3":"status-publish","4":"has-post-thumbnail","6":"product_brand-joma","7":"product_cat-adidasi","8":"product_cat-barbati","9":"product_cat-incaltaminte","10":"pa_marime-pantofi-376","11":"pa_marime-pantofi-371","12":"pa_marime-pantofi-378","13":"pa_marime-pantofi-379","14":"pa_marime-pantofi-400","16":"first","17":"instock","18":"shipping-taxable","19":"purchasable","20":"product-type-variable"},"_links":{"self":[{"href":"https:\/\/www.joma-orhei.md\/ru\/wp-json\/wp\/v2\/product\/41663","targetHints":{"allow":["GET"]}}],"collection":[{"href":"https:\/\/www.joma-orhei.md\/ru\/wp-json\/wp\/v2\/product"}],"about":[{"href":"https:\/\/www.joma-orhei.md\/ru\/wp-json\/wp\/v2\/types\/product"}],"wp:featuredmedia":[{"embeddable":true,"href":"https:\/\/www.joma-orhei.md\/ru\/wp-json\/wp\/v2\/media\/41664"}],"wp:attachment":[{"href":"https:\/\/www.joma-orhei.md\/ru\/wp-json\/wp\/v2\/media?parent=41663"}],"wp:term":[{"taxonomy":"product_brand","embeddable":true,"href":"https:\/\/www.joma-orhei.md\/ru\/wp-json\/wp\/v2\/product_brand?post=41663"},{"taxonomy":"product_cat","embeddable":true,"href":"https:\/\/www.joma-orhei.md\/ru\/wp-json\/wp\/v2\/product_cat?post=41663"},{"taxonomy":"product_tag","embeddable":true,"href":"https:\/\/www.joma-orhei.md\/ru\/wp-json\/wp\/v2\/product_tag?post=41663"}],"curies":[{"name":"wp","href":"https:\/\/api.w.org\/{rel}","templated":true}]}}