{"id":41650,"date":"2026-03-10T12:02:55","date_gmt":"2026-03-10T10:02:55","guid":{"rendered":"https:\/\/www.joma-orhei.md\/?post_type=product&#038;p=41650"},"modified":"2026-03-10T12:02:56","modified_gmt":"2026-03-10T10:02:56","slug":"czens2603-zen-men-2603-navy-blue","status":"publish","type":"product","link":"https:\/\/www.joma-orhei.md\/ru\/product\/czens2603-zen-men-2603-navy-blue\/","title":{"rendered":"CZENS2603 -ZEN MEN 2603 NAVY BLUE"},"content":{"rendered":"<p>Adida\u0219ii b\u0103rb\u0103te\u0219ti de la Joma combin\u0103 confortul \u0219i stilul, f\u0103c\u00e2ndu-i ideali pentru \u021binute casual zilnice. Culoarea albastr\u0103 adaug\u0103 o not\u0103 modern\u0103 oric\u0103rui outfit, \u00een timp ce \u00eenchiderea cu \u0219ireturi asigur\u0103 o potrivire perfect\u0103 \u0219i sus\u021binere a piciorului. Sunt alegerea perfect\u0103 pentru a te bucura de plimb\u0103ri cu \u00eencredere \u0219i stil.<\/p>","protected":false},"excerpt":{"rendered":"<p>Adidasi pentru barbati.<\/p>","protected":false},"featured_media":41651,"template":"","meta":{"_themeisle_gutenberg_block_has_review":false},"product_brand":[370],"product_cat":[321,307,320],"product_tag":[],"class_list":{"0":"post-41650","1":"product","2":"type-product","3":"status-publish","4":"has-post-thumbnail","6":"product_brand-joma","7":"product_cat-adidasi","8":"product_cat-barbati","9":"product_cat-incaltaminte","10":"pa_marime-pantofi-376","11":"pa_marime-pantofi-371","12":"pa_marime-pantofi-377","13":"pa_marime-pantofi-378","14":"pa_marime-pantofi-379","15":"pa_marime-pantofi-380","16":"pa_marime-pantofi-400","18":"first","19":"instock","20":"shipping-taxable","21":"purchasable","22":"product-type-variable"},"_links":{"self":[{"href":"https:\/\/www.joma-orhei.md\/ru\/wp-json\/wp\/v2\/product\/41650","targetHints":{"allow":["GET"]}}],"collection":[{"href":"https:\/\/www.joma-orhei.md\/ru\/wp-json\/wp\/v2\/product"}],"about":[{"href":"https:\/\/www.joma-orhei.md\/ru\/wp-json\/wp\/v2\/types\/product"}],"wp:featuredmedia":[{"embeddable":true,"href":"https:\/\/www.joma-orhei.md\/ru\/wp-json\/wp\/v2\/media\/41651"}],"wp:attachment":[{"href":"https:\/\/www.joma-orhei.md\/ru\/wp-json\/wp\/v2\/media?parent=41650"}],"wp:term":[{"taxonomy":"product_brand","embeddable":true,"href":"https:\/\/www.joma-orhei.md\/ru\/wp-json\/wp\/v2\/product_brand?post=41650"},{"taxonomy":"product_cat","embeddable":true,"href":"https:\/\/www.joma-orhei.md\/ru\/wp-json\/wp\/v2\/product_cat?post=41650"},{"taxonomy":"product_tag","embeddable":true,"href":"https:\/\/www.joma-orhei.md\/ru\/wp-json\/wp\/v2\/product_tag?post=41650"}],"curies":[{"name":"wp","href":"https:\/\/api.w.org\/{rel}","templated":true}]}}