{"id":41648,"date":"2026-03-10T11:57:00","date_gmt":"2026-03-10T09:57:00","guid":{"rendered":"https:\/\/www.joma-orhei.md\/?post_type=product&#038;p=41648"},"modified":"2026-03-10T12:04:36","modified_gmt":"2026-03-10T10:04:36","slug":"ctukw2491-tuk-men-2401-black","status":"publish","type":"product","link":"https:\/\/www.joma-orhei.md\/ru\/product\/ctukw2491-tuk-men-2401-black\/","title":{"rendered":"CTUKW2401 -TUK MEN 2401 BLACK"},"content":{"rendered":"<div class=\"elementor-element elementor-element-53ab11f elementor-widget elementor-widget-heading\" data-id=\"53ab11f\" data-element_type=\"widget\" data-widget_type=\"heading.default\">\n<div class=\"elementor-widget-container\"><span class=\"elementor-heading-title elementor-size-default\">Descrierea produsului<\/span><\/div>\n<\/div>\n<div class=\"elementor-element elementor-element-29065ae product_d_ro elementor-widget elementor-widget-text-editor\" data-id=\"29065ae\" data-element_type=\"widget\" data-widget_type=\"text-editor.default\">\n<div class=\"elementor-widget-container\">Un model versatil pentru utilizarea de zi cu zi, cu un design elegant \u0219i stilizat. Ace\u0219tia sunt pantofi foarte confortabili pentru utilizarea zilnic\u0103, precum \u0219i pentru mers pe jos datorit\u0103 capacit\u0103\u021bii lor mari de absorb\u021bie a \u0219ocurilor. Partea superioar\u0103 este confec\u021bionat\u0103 din piele sintetic\u0103, un material u\u0219or, durabil \u0219i puternic care prelunge\u0219te durata de via\u021b\u0103 a adida\u0219ilor. Noua talp\u0103 MEMORY FOAM, realizat\u0103 din spum\u0103 \u0219i o baz\u0103 EVA termoformat\u0103, se adapteaz\u0103 pe deplin la amprenta piciorului \u0219i o amortizeaz\u0103. Acum este mai respirabil datorit\u0103 utiliz\u0103rii sistemului de perforare VTS. EXTRA COMFORT talp\u0103 din filon Taij\u00ed. Aceasta este o component\u0103 foarte confortabil\u0103 care ofer\u0103 niveluri excelente de amortizare. Talp\u0103 DURABIL\u0102 din cauciuc cu acoperire anti-alunecare. Tehnologia RESISTANT LA ALUNECARE reduce riscul de alunecare, permi\u021b\u00e2ndu-v\u0103 s\u0103 merge\u021bi cu siguran\u021b\u0103 \u0219i control complet al pasului.<\/div>\n<\/div>","protected":false},"excerpt":{"rendered":"<p>Adidasi pentru barbati.<\/p>","protected":false},"featured_media":41661,"template":"","meta":{"_themeisle_gutenberg_block_has_review":false},"product_brand":[370],"product_cat":[321,307,320],"product_tag":[],"class_list":{"0":"post-41648","1":"product","2":"type-product","3":"status-publish","4":"has-post-thumbnail","6":"product_brand-joma","7":"product_cat-adidasi","8":"product_cat-barbati","9":"product_cat-incaltaminte","10":"pa_marime-pantofi-40-5","12":"first","13":"instock","14":"shipping-taxable","15":"purchasable","16":"product-type-variable"},"_links":{"self":[{"href":"https:\/\/www.joma-orhei.md\/ru\/wp-json\/wp\/v2\/product\/41648","targetHints":{"allow":["GET"]}}],"collection":[{"href":"https:\/\/www.joma-orhei.md\/ru\/wp-json\/wp\/v2\/product"}],"about":[{"href":"https:\/\/www.joma-orhei.md\/ru\/wp-json\/wp\/v2\/types\/product"}],"wp:featuredmedia":[{"embeddable":true,"href":"https:\/\/www.joma-orhei.md\/ru\/wp-json\/wp\/v2\/media\/41661"}],"wp:attachment":[{"href":"https:\/\/www.joma-orhei.md\/ru\/wp-json\/wp\/v2\/media?parent=41648"}],"wp:term":[{"taxonomy":"product_brand","embeddable":true,"href":"https:\/\/www.joma-orhei.md\/ru\/wp-json\/wp\/v2\/product_brand?post=41648"},{"taxonomy":"product_cat","embeddable":true,"href":"https:\/\/www.joma-orhei.md\/ru\/wp-json\/wp\/v2\/product_cat?post=41648"},{"taxonomy":"product_tag","embeddable":true,"href":"https:\/\/www.joma-orhei.md\/ru\/wp-json\/wp\/v2\/product_tag?post=41648"}],"curies":[{"name":"wp","href":"https:\/\/api.w.org\/{rel}","templated":true}]}}