{"id":41645,"date":"2026-03-10T11:50:20","date_gmt":"2026-03-10T09:50:20","guid":{"rendered":"https:\/\/www.joma-orhei.md\/?post_type=product&#038;p=41645"},"modified":"2026-03-10T11:50:21","modified_gmt":"2026-03-10T09:50:21","slug":"csanaw2434-sanabria-men-2434-brown","status":"publish","type":"product","link":"https:\/\/www.joma-orhei.md\/ru\/product\/csanaw2434-sanabria-men-2434-brown\/","title":{"rendered":"CSANAW2434 -SANABRIA MEN 2434 BROWN"},"content":{"rendered":"<div class=\"elementor-element elementor-element-53ab11f elementor-widget elementor-widget-heading\" data-id=\"53ab11f\" data-element_type=\"widget\" data-widget_type=\"heading.default\">\n<div class=\"elementor-widget-container\"><span class=\"elementor-heading-title elementor-size-default\">Descrierea produsului<\/span><\/div>\n<\/div>\n<div class=\"elementor-element elementor-element-29065ae product_d_ro elementor-widget elementor-widget-text-editor\" data-id=\"29065ae\" data-element_type=\"widget\" data-widget_type=\"text-editor.default\">\n<div class=\"elementor-widget-container\">Adida\u0219i casual pentru b\u0103rba\u021bi Model universal potrivit pentru utilizarea de zi cu zi. Inspirat de pantofii de mers pe munte, designul ofer\u0103 confort \u00een timpul oric\u0103rei activit\u0103\u021bi. Croiala este realizata din piele sintetica rezistenta, ceea ce mareste durabilitatea pantofului. Acest material u\u0219or \u0219i flexibil ofer\u0103 o senza\u021bie pl\u0103cut\u0103 atunci c\u00e2nd este purtat. Noua talp\u0103 MEMORY FOAM este realizat\u0103 din spum\u0103 \u0219i o baz\u0103 EVA termoformat\u0103 pentru a se adapta pe deplin \u0219i a amortiza pa\u0219ii t\u0103i. Sistemul de perforare VTS asigur\u0103 permeabilitatea aerului. Talpa intermediar\u0103 WIDE COVER este realizat\u0103 din Phylon, care optimizeaz\u0103 amortizarea, atenueaz\u0103 impacturile \u0219i ofer\u0103 flexibilitate. DURABILITATE talp\u0103 din cauciuc pentru rezisten\u021b\u0103 \u0219i durabilitate sporite.<\/div>\n<\/div>","protected":false},"excerpt":{"rendered":"<p>Adida\u0219i casual pentru b\u0103rba\u021bi.<\/p>","protected":false},"featured_media":41646,"template":"","meta":{"_themeisle_gutenberg_block_has_review":false},"product_brand":[370],"product_cat":[321,307,320],"product_tag":[],"class_list":{"0":"post-41645","1":"product","2":"type-product","3":"status-publish","4":"has-post-thumbnail","6":"product_brand-joma","7":"product_cat-adidasi","8":"product_cat-barbati","9":"product_cat-incaltaminte","10":"pa_marime-pantofi-371","12":"first","13":"instock","14":"shipping-taxable","15":"purchasable","16":"product-type-variable"},"_links":{"self":[{"href":"https:\/\/www.joma-orhei.md\/ru\/wp-json\/wp\/v2\/product\/41645","targetHints":{"allow":["GET"]}}],"collection":[{"href":"https:\/\/www.joma-orhei.md\/ru\/wp-json\/wp\/v2\/product"}],"about":[{"href":"https:\/\/www.joma-orhei.md\/ru\/wp-json\/wp\/v2\/types\/product"}],"wp:featuredmedia":[{"embeddable":true,"href":"https:\/\/www.joma-orhei.md\/ru\/wp-json\/wp\/v2\/media\/41646"}],"wp:attachment":[{"href":"https:\/\/www.joma-orhei.md\/ru\/wp-json\/wp\/v2\/media?parent=41645"}],"wp:term":[{"taxonomy":"product_brand","embeddable":true,"href":"https:\/\/www.joma-orhei.md\/ru\/wp-json\/wp\/v2\/product_brand?post=41645"},{"taxonomy":"product_cat","embeddable":true,"href":"https:\/\/www.joma-orhei.md\/ru\/wp-json\/wp\/v2\/product_cat?post=41645"},{"taxonomy":"product_tag","embeddable":true,"href":"https:\/\/www.joma-orhei.md\/ru\/wp-json\/wp\/v2\/product_tag?post=41645"}],"curies":[{"name":"wp","href":"https:\/\/api.w.org\/{rel}","templated":true}]}}