{"id":41635,"date":"2026-03-10T11:38:19","date_gmt":"2026-03-10T09:38:19","guid":{"rendered":"https:\/\/www.joma-orhei.md\/?post_type=product&#038;p=41635"},"modified":"2026-03-10T11:38:20","modified_gmt":"2026-03-10T09:38:20","slug":"cr111s2612-cr11men-2612-gray","status":"publish","type":"product","link":"https:\/\/www.joma-orhei.md\/ru\/product\/cr111s2612-cr11men-2612-gray\/","title":{"rendered":"CR111S2612 -CR11MEN 2612 GRAY"},"content":{"rendered":"<h2>Descriere<\/h2>\n<div class=\"Textcollapse\">\n<p>Pantofi sport pentru barba?i cu un design inspirat din modelele de running Joma din anii &#8217;90, care recupereaza stilul retro prezent \u00een tendin?ele actuale. Acest model ofera confort nelimitat pentru orice activitate.<\/p>\n<p>Partea superioara este din mesh respirabil ?i piele \u00eentoarsa, oferind o potrivire confortabila ?i personalizata, adaptata nevoilor tale. Pielea sintetica adauga structura ?i sus?inere par?ii superioare. Sistemul de ventila?ie VTS garanteaza evaporarea transpira?iei, men?in\u00e2nd piciorul proaspat \u00een interiorul pantofului.<\/p>\n<p>De asemenea, are talpa intermediara din phylon, un material u?or care absoarbe fiecare impact. \u00cencorporeaza piese de gel PULSOR \u00een zonele care necesita amortizare suplimentara. Dispune ?i de componentul STABILIS, conceput pentru a \u00eembunata?i stabilitatea.<\/p>\n<p>\u00cen plus, talpa din cauciuc DURABILITY \u00eent\u00e2rzie uzura prin abraziune ?i prelunge?te durata de via?a a acestui pantof.<\/p>\n<\/div>","protected":false},"excerpt":{"rendered":"<p>Pantofi sport pentru barbati.<\/p>","protected":false},"featured_media":41638,"template":"","meta":{"_themeisle_gutenberg_block_has_review":false},"product_brand":[370],"product_cat":[321,307,320],"product_tag":[],"class_list":{"0":"post-41635","1":"product","2":"type-product","3":"status-publish","4":"has-post-thumbnail","6":"product_brand-joma","7":"product_cat-adidasi","8":"product_cat-barbati","9":"product_cat-incaltaminte","10":"pa_marime-pantofi-371","11":"pa_marime-pantofi-377","12":"pa_marime-pantofi-378","13":"pa_marime-pantofi-379","14":"pa_marime-pantofi-380","15":"pa_marime-pantofi-400","17":"first","18":"instock","19":"shipping-taxable","20":"purchasable","21":"product-type-variable"},"_links":{"self":[{"href":"https:\/\/www.joma-orhei.md\/ru\/wp-json\/wp\/v2\/product\/41635","targetHints":{"allow":["GET"]}}],"collection":[{"href":"https:\/\/www.joma-orhei.md\/ru\/wp-json\/wp\/v2\/product"}],"about":[{"href":"https:\/\/www.joma-orhei.md\/ru\/wp-json\/wp\/v2\/types\/product"}],"wp:featuredmedia":[{"embeddable":true,"href":"https:\/\/www.joma-orhei.md\/ru\/wp-json\/wp\/v2\/media\/41638"}],"wp:attachment":[{"href":"https:\/\/www.joma-orhei.md\/ru\/wp-json\/wp\/v2\/media?parent=41635"}],"wp:term":[{"taxonomy":"product_brand","embeddable":true,"href":"https:\/\/www.joma-orhei.md\/ru\/wp-json\/wp\/v2\/product_brand?post=41635"},{"taxonomy":"product_cat","embeddable":true,"href":"https:\/\/www.joma-orhei.md\/ru\/wp-json\/wp\/v2\/product_cat?post=41635"},{"taxonomy":"product_tag","embeddable":true,"href":"https:\/\/www.joma-orhei.md\/ru\/wp-json\/wp\/v2\/product_tag?post=41635"}],"curies":[{"name":"wp","href":"https:\/\/api.w.org\/{rel}","templated":true}]}}