{"id":41624,"date":"2026-03-10T11:25:46","date_gmt":"2026-03-10T09:25:46","guid":{"rendered":"https:\/\/www.joma-orhei.md\/?post_type=product&#038;p=41624"},"modified":"2026-03-10T11:25:46","modified_gmt":"2026-03-10T09:25:46","slug":"civorw2503-ivory-men-2503-navy-blue","status":"publish","type":"product","link":"https:\/\/www.joma-orhei.md\/ru\/product\/civorw2503-ivory-men-2503-navy-blue\/","title":{"rendered":"CIVORW2503 -IVORY MEN 2503 NAVY BLUE"},"content":{"rendered":"<div class=\"elementor-element elementor-element-b1fa095 e-flex e-con-boxed e-con e-parent e-lazyloaded\" data-id=\"b1fa095\" data-element_type=\"container\">\n<div class=\"e-con-inner\">\n<div class=\"elementor-element elementor-element-4e559f5 e-n-tabs-mobile elementor-widget elementor-widget-n-tabs\" data-id=\"4e559f5\" data-element_type=\"widget\" data-settings=\"{&quot;tabs_justify_horizontal&quot;:&quot;start&quot;,&quot;horizontal_scroll&quot;:&quot;disable&quot;}\" data-widget_type=\"nested-tabs.default\">\n<div class=\"elementor-widget-container\">\n<div class=\"e-n-tabs e-activated\" data-widget-number=\"82139637\" aria-label=\"Taburi. Deschide\u021bi elementele cu Enter sau Space, \u00eenchide\u021bi-le cu Escape \u0219i naviga\u021bi folosind tastele s\u0103geat\u0103.\" data-no-translation-aria-label=\"\" data-touch-mode=\"false\">\n<div class=\"e-n-tabs-content\">\n<div id=\"e-n-tab-content-821396372\" class=\"elementor-element elementor-element-575b33b e-con-full e-flex e-con e-child e-active\" role=\"tabpanel\" aria-labelledby=\"e-n-tab-title-821396372\" data-tab-index=\"2\" data-id=\"575b33b\" data-element_type=\"container\">\n<div class=\"elementor-element elementor-element-c1d2e6e e-flex e-con-boxed e-con e-child\" data-id=\"c1d2e6e\" data-element_type=\"container\">\n<div class=\"e-con-inner\">\n<div class=\"elementor-element elementor-element-53ab11f elementor-widget elementor-widget-heading\" data-id=\"53ab11f\" data-element_type=\"widget\" data-widget_type=\"heading.default\">\n<div class=\"elementor-widget-container\"><span class=\"elementor-heading-title elementor-size-default\">Descrierea produsului<\/span><\/div>\n<\/div>\n<div class=\"elementor-element elementor-element-29065ae product_d_ro elementor-widget elementor-widget-text-editor\" data-id=\"29065ae\" data-element_type=\"widget\" data-widget_type=\"text-editor.default\">\n<div class=\"elementor-widget-container\">Pantofi sport pentru b\u0103rba\u021bi. Acest nou stil pentru uz zilnic \u0219i mers pe jos combin\u0103 ce e mai bun din \u00eenc\u0103l\u021b\u0103mintea sport cu elegan\u021ba \u00eenc\u0103l\u021b\u0103mintei func\u021bionale. Partea superioar\u0103 este confec\u021bionat\u0103 din piele sintetic\u0103, un material durabil \u0219i u\u0219or de \u00eentre\u021binut. Perfora\u021biile VTS plasate strategic permit evacuarea corect\u0103 a transpira\u021biei pentru a men\u021bine picioarele r\u0103coroase \u00een interiorul pantofului. De asemenea, pantoful dispune de \u0219ireturi elastice pentru o potrivire perfect\u0103. Brant interior din spum\u0103 cu memorie, realizat cu spum\u0103 \u0219i baz\u0103 termoformat\u0103 din EVA pentru a se adapta complet la pasul t\u0103u \u0219i a-l \u00eenmuia. Prezint\u0103 perfora\u021bii pentru a elimina transpira\u021bia. Talp\u0103 intermediar\u0103 din Phylon de \u00eenalt\u0103 densitate. Aceasta este o component\u0103 u\u0219oar\u0103, flexibil\u0103 \u0219i care absoarbe impactul. Talp\u0103 din cauciuc rezistent\u0103 la abraziune, DURABILITATE. Caracteristici Parte superioar\u0103 din piele sintetic\u0103 cu sistem de ventila\u021bie VTS Brant interior din spum\u0103 cu memorie EVA termoformat\u0103 Talp\u0103 intermediar\u0103 din Phylon Talp\u0103 de cauciuc DURABILITATE<\/div>\n<\/div>\n<\/div>\n<\/div>\n<\/div>\n<\/div>\n<\/div>\n<\/div>\n<\/div>\n<\/div>\n<\/div>","protected":false},"excerpt":{"rendered":"<p>PANTOFI SPORT PENTRU BARBATI.<\/p>","protected":false},"featured_media":41629,"template":"","meta":{"_themeisle_gutenberg_block_has_review":false},"product_brand":[370],"product_cat":[321,307,320],"product_tag":[],"class_list":{"0":"post-41624","1":"product","2":"type-product","3":"status-publish","4":"has-post-thumbnail","6":"product_brand-joma","7":"product_cat-adidasi","8":"product_cat-barbati","9":"product_cat-incaltaminte","10":"pa_marime-pantofi-376","11":"pa_marime-pantofi-371","12":"pa_marime-pantofi-377","13":"pa_marime-pantofi-380","15":"first","16":"instock","17":"shipping-taxable","18":"purchasable","19":"product-type-variable"},"_links":{"self":[{"href":"https:\/\/www.joma-orhei.md\/ru\/wp-json\/wp\/v2\/product\/41624","targetHints":{"allow":["GET"]}}],"collection":[{"href":"https:\/\/www.joma-orhei.md\/ru\/wp-json\/wp\/v2\/product"}],"about":[{"href":"https:\/\/www.joma-orhei.md\/ru\/wp-json\/wp\/v2\/types\/product"}],"wp:featuredmedia":[{"embeddable":true,"href":"https:\/\/www.joma-orhei.md\/ru\/wp-json\/wp\/v2\/media\/41629"}],"wp:attachment":[{"href":"https:\/\/www.joma-orhei.md\/ru\/wp-json\/wp\/v2\/media?parent=41624"}],"wp:term":[{"taxonomy":"product_brand","embeddable":true,"href":"https:\/\/www.joma-orhei.md\/ru\/wp-json\/wp\/v2\/product_brand?post=41624"},{"taxonomy":"product_cat","embeddable":true,"href":"https:\/\/www.joma-orhei.md\/ru\/wp-json\/wp\/v2\/product_cat?post=41624"},{"taxonomy":"product_tag","embeddable":true,"href":"https:\/\/www.joma-orhei.md\/ru\/wp-json\/wp\/v2\/product_tag?post=41624"}],"curies":[{"name":"wp","href":"https:\/\/api.w.org\/{rel}","templated":true}]}}