{"id":41585,"date":"2026-03-10T10:27:25","date_gmt":"2026-03-10T08:27:25","guid":{"rendered":"https:\/\/www.joma-orhei.md\/?post_type=product&#038;p=41585"},"modified":"2026-03-10T10:30:21","modified_gmt":"2026-03-10T08:30:21","slug":"ccorls2621-corinto-lady-2621-black","status":"publish","type":"product","link":"https:\/\/www.joma-orhei.md\/ru\/product\/ccorls2621-corinto-lady-2621-black\/","title":{"rendered":"CCORLS2621-CORINTO LADY 2621 BLACK"},"content":{"rendered":"<h1>ADIDASI Joma Corinto<\/h1>\n<p>Pantofi sport pentru femei. Acest model de mers pe jos te va surprinde prin confortul s\u0103u \u0219i, mai presus de toate, prin u\u0219urin\u021ba sa.<\/p>\n<p>Partea superioar\u0103 este realizat\u0103 din plas\u0103 respirabil\u0103 (mesh). Sistemul de perfora\u021bie VTS asigur\u0103 ventila\u021bia transpira\u021biei, astfel \u00eenc\u00e2t piciorul s\u0103 r\u0103m\u00e2n\u0103 proasp\u0103t \u00een orice moment.<\/p>\n<p>BRAN\u021aURI DIN SPUM\u0102 CU MEMORIE din spum\u0103 \u0219i cu o baz\u0103 EVA termoformat\u0103 pentru a se adapta complet la picior \u0219i a-l calma. Are perfora\u021bii VTS, ceea ce \u00eei cre\u0219te respirabilitatea.<\/p>\n<p>At\u00e2t talpa, c\u00e2t \u0219i talpa intermediar\u0103 folosesc tehnologia EASY STEP, care ofer\u0103 beneficii semnificative: confort, u\u0219urin\u021b\u0103 \u0219i amortizare, ad\u0103ug\u00e2nd un nivel suplimentar de confort \u00een timpul utiliz\u0103rii.<\/p>\n<p>Talp\u0103 exterioar\u0103 din cauciuc injectat care \u00eembun\u0103t\u0103\u021be\u0219te aderen\u021ba pentru siguran\u021b\u0103 \u0219i stabilitate la fiecare pas.<\/p>\n<p><b>Caracteristici<\/b><\/p>\n<ul>\n<li>Partea superioar\u0103 realizat\u0103 din plas\u0103 VTS respirabil\u0103<\/li>\n<li>Spum\u0103 cu memorie EVA termoformat\u0103<\/li>\n<li>EASY STEP MIDSOLE<\/li>\n<li>Talp\u0103 de cauciuc EASY STEP<\/li>\n<\/ul>","protected":false},"excerpt":{"rendered":"<p>Adidasi pentru femei.<\/p>","protected":false},"featured_media":41590,"template":"","meta":{"_themeisle_gutenberg_block_has_review":false},"product_brand":[370],"product_cat":[333,308,332],"product_tag":[],"class_list":{"0":"post-41585","1":"product","2":"type-product","3":"status-publish","4":"has-post-thumbnail","6":"product_brand-joma","7":"product_cat-adidasi-incaltaminte-femei","8":"product_cat-femei","9":"product_cat-incaltaminte-femei","10":"pa_marime-pantofi-372","11":"pa_marime-pantofi-373","12":"pa_marime-pantofi-374","13":"pa_marime-pantofi-375","14":"pa_marime-pantofi-376","15":"pa_marime-pantofi-371","17":"first","18":"instock","19":"shipping-taxable","20":"purchasable","21":"product-type-variable"},"_links":{"self":[{"href":"https:\/\/www.joma-orhei.md\/ru\/wp-json\/wp\/v2\/product\/41585","targetHints":{"allow":["GET"]}}],"collection":[{"href":"https:\/\/www.joma-orhei.md\/ru\/wp-json\/wp\/v2\/product"}],"about":[{"href":"https:\/\/www.joma-orhei.md\/ru\/wp-json\/wp\/v2\/types\/product"}],"wp:featuredmedia":[{"embeddable":true,"href":"https:\/\/www.joma-orhei.md\/ru\/wp-json\/wp\/v2\/media\/41590"}],"wp:attachment":[{"href":"https:\/\/www.joma-orhei.md\/ru\/wp-json\/wp\/v2\/media?parent=41585"}],"wp:term":[{"taxonomy":"product_brand","embeddable":true,"href":"https:\/\/www.joma-orhei.md\/ru\/wp-json\/wp\/v2\/product_brand?post=41585"},{"taxonomy":"product_cat","embeddable":true,"href":"https:\/\/www.joma-orhei.md\/ru\/wp-json\/wp\/v2\/product_cat?post=41585"},{"taxonomy":"product_tag","embeddable":true,"href":"https:\/\/www.joma-orhei.md\/ru\/wp-json\/wp\/v2\/product_tag?post=41585"}],"curies":[{"name":"wp","href":"https:\/\/api.w.org\/{rel}","templated":true}]}}