{"id":41578,"date":"2026-03-08T17:24:40","date_gmt":"2026-03-08T15:24:40","guid":{"rendered":"https:\/\/www.joma-orhei.md\/?post_type=product&#038;p=41578"},"modified":"2026-03-08T17:24:41","modified_gmt":"2026-03-08T15:24:41","slug":"ccoriw2403-corinto-men-2403-navy","status":"publish","type":"product","link":"https:\/\/www.joma-orhei.md\/ru\/product\/ccoriw2403-corinto-men-2403-navy\/","title":{"rendered":"CCORIW2403 -CORINTO MEN 2403 NAVY"},"content":{"rendered":"<p>Pantofi sport pentru b\u0103rba\u021bi. Acest model de mers pe jos te va surprinde prin confort, dar, mai ales, prin lejeritate. Fa\u021b\u0103 realizat\u0103 din plas\u0103 respirabil\u0103. Sistemul de perforare VTS asigur\u0103 ventila\u021bia transpira\u021biei, astfel \u00eenc\u00e2t piciorul s\u0103 r\u0103m\u00e2n\u0103 rece \u00een orice moment. Versiune disponibil\u0103 cu \u0219ireturi \u0219i cu \u00eenchidere velcro pentru o mai mare autonomie. Brant MEMORY FOAM realizat cu spuma si o baza EVA termoformata pentru a se adapta pe deplin pasului si a-l inmuia. Are perfora\u021bii VTS pentru a-l face mai respirabil. Talp\u0103 phylon foarte u\u0219oar\u0103. Este un material func\u021bional \u0219i flexibil, capabil s\u0103 se adapteze la mi\u0219carea natural\u0103 a piciorului \u0219i s\u0103 absoarb\u0103 impacturile \u00een mod eficient.<\/p>","protected":false},"excerpt":{"rendered":"<p>Pantofi sport pentru b\u0103rba\u021bi<\/p>","protected":false},"featured_media":41579,"template":"","meta":{"_themeisle_gutenberg_block_has_review":false},"product_brand":[370],"product_cat":[321,307,320],"product_tag":[],"class_list":{"0":"post-41578","1":"product","2":"type-product","3":"status-publish","4":"has-post-thumbnail","6":"product_brand-joma","7":"product_cat-adidasi","8":"product_cat-barbati","9":"product_cat-incaltaminte","10":"pa_marime-pantofi-376","11":"pa_marime-pantofi-40-5","13":"first","14":"instock","15":"shipping-taxable","16":"purchasable","17":"product-type-variable"},"_links":{"self":[{"href":"https:\/\/www.joma-orhei.md\/ru\/wp-json\/wp\/v2\/product\/41578","targetHints":{"allow":["GET"]}}],"collection":[{"href":"https:\/\/www.joma-orhei.md\/ru\/wp-json\/wp\/v2\/product"}],"about":[{"href":"https:\/\/www.joma-orhei.md\/ru\/wp-json\/wp\/v2\/types\/product"}],"wp:featuredmedia":[{"embeddable":true,"href":"https:\/\/www.joma-orhei.md\/ru\/wp-json\/wp\/v2\/media\/41579"}],"wp:attachment":[{"href":"https:\/\/www.joma-orhei.md\/ru\/wp-json\/wp\/v2\/media?parent=41578"}],"wp:term":[{"taxonomy":"product_brand","embeddable":true,"href":"https:\/\/www.joma-orhei.md\/ru\/wp-json\/wp\/v2\/product_brand?post=41578"},{"taxonomy":"product_cat","embeddable":true,"href":"https:\/\/www.joma-orhei.md\/ru\/wp-json\/wp\/v2\/product_cat?post=41578"},{"taxonomy":"product_tag","embeddable":true,"href":"https:\/\/www.joma-orhei.md\/ru\/wp-json\/wp\/v2\/product_tag?post=41578"}],"curies":[{"name":"wp","href":"https:\/\/api.w.org\/{rel}","templated":true}]}}