{"id":41571,"date":"2026-03-08T17:16:05","date_gmt":"2026-03-08T15:16:05","guid":{"rendered":"https:\/\/www.joma-orhei.md\/?post_type=product&#038;p=41571"},"modified":"2026-03-08T17:16:05","modified_gmt":"2026-03-08T15:16:05","slug":"ccoris2501-corinto-men-2501-black","status":"publish","type":"product","link":"https:\/\/www.joma-orhei.md\/ru\/product\/ccoris2501-corinto-men-2501-black\/","title":{"rendered":"CCORIS2501 -CORINTO MEN 2501 BLACK"},"content":{"rendered":"<p>Ace\u0219ti adida\u0219i sunt perfect potrivi\u021bi pentru uzul zilnic. Partea superioar\u0103 din nailon \u0219i TPU, cu o decupare larg\u0103, asigur\u0103 confortul. Talpa interioar\u0103 din spum\u0103 cu dubl\u0103 densitate MEMORY FOAM se adapteaz\u0103 formei piciorului, oferind confort \u0219i amortizare. Talpa din cauciuc turnat asigur\u0103 o aderen\u021b\u0103 fiabil\u0103 \u0219i durabilitate.<\/p>","protected":false},"excerpt":{"rendered":"<p>Ace\u0219ti adida\u0219i sunt perfect potrivi\u021bi pentru uzul zilnic.<\/p>","protected":false},"featured_media":41577,"template":"","meta":{"_themeisle_gutenberg_block_has_review":false},"product_brand":[370],"product_cat":[321,307,320],"product_tag":[],"class_list":{"0":"post-41571","1":"product","2":"type-product","3":"status-publish","4":"has-post-thumbnail","6":"product_brand-joma","7":"product_cat-adidasi","8":"product_cat-barbati","9":"product_cat-incaltaminte","10":"pa_marime-pantofi-371","11":"pa_marime-pantofi-377","12":"pa_marime-pantofi-379","14":"first","15":"instock","16":"shipping-taxable","17":"purchasable","18":"product-type-variable"},"_links":{"self":[{"href":"https:\/\/www.joma-orhei.md\/ru\/wp-json\/wp\/v2\/product\/41571","targetHints":{"allow":["GET"]}}],"collection":[{"href":"https:\/\/www.joma-orhei.md\/ru\/wp-json\/wp\/v2\/product"}],"about":[{"href":"https:\/\/www.joma-orhei.md\/ru\/wp-json\/wp\/v2\/types\/product"}],"wp:featuredmedia":[{"embeddable":true,"href":"https:\/\/www.joma-orhei.md\/ru\/wp-json\/wp\/v2\/media\/41577"}],"wp:attachment":[{"href":"https:\/\/www.joma-orhei.md\/ru\/wp-json\/wp\/v2\/media?parent=41571"}],"wp:term":[{"taxonomy":"product_brand","embeddable":true,"href":"https:\/\/www.joma-orhei.md\/ru\/wp-json\/wp\/v2\/product_brand?post=41571"},{"taxonomy":"product_cat","embeddable":true,"href":"https:\/\/www.joma-orhei.md\/ru\/wp-json\/wp\/v2\/product_cat?post=41571"},{"taxonomy":"product_tag","embeddable":true,"href":"https:\/\/www.joma-orhei.md\/ru\/wp-json\/wp\/v2\/product_tag?post=41571"}],"curies":[{"name":"wp","href":"https:\/\/api.w.org\/{rel}","templated":true}]}}