{"id":41545,"date":"2026-03-08T16:23:28","date_gmt":"2026-03-08T14:23:28","guid":{"rendered":"https:\/\/www.joma-orhei.md\/?post_type=product&#038;p=41545"},"modified":"2026-03-08T16:24:56","modified_gmt":"2026-03-08T14:24:56","slug":"c660s2203-c-660-men-2203-navy-red","status":"publish","type":"product","link":"https:\/\/www.joma-orhei.md\/ru\/product\/c660s2203-c-660-men-2203-navy-red\/","title":{"rendered":"C660S2203 -C.660 MEN 2203 NAVY RED"},"content":{"rendered":"<p>Adida\u0219ii Joma C.660 MEN 2203 NAVY RED &#8211; sunt \u00eenc\u0103l\u021b\u0103minte elegant\u0103 pentru b\u0103rba\u021bi, care \u00eembin\u0103 stilul cu confortul. Partea superioar\u0103 \u00een nuan\u021be de albastru \u00eenchis cu detalii ro\u0219ii ofer\u0103 o not\u0103 modern\u0103. Materialele superioare asigur\u0103 respirabilitate<\/p>","protected":false},"excerpt":{"rendered":"<p>Adida\u0219ii Joma C.660 MEN 2203 NAVY RED &#8211; sunt \u00eenc\u0103l\u021b\u0103minte elegant\u0103 pentru b\u0103rba\u021bi, care \u00eembin\u0103 stilul cu confortul<\/p>","protected":false},"featured_media":41546,"template":"","meta":{"_themeisle_gutenberg_block_has_review":false},"product_brand":[370],"product_cat":[321,307,320],"product_tag":[],"class_list":{"0":"post-41545","1":"product","2":"type-product","3":"status-publish","4":"has-post-thumbnail","6":"product_brand-joma","7":"product_cat-adidasi","8":"product_cat-barbati","9":"product_cat-incaltaminte","10":"pa_marime-pantofi-371","12":"first","13":"instock","14":"shipping-taxable","15":"purchasable","16":"product-type-variable"},"_links":{"self":[{"href":"https:\/\/www.joma-orhei.md\/ru\/wp-json\/wp\/v2\/product\/41545","targetHints":{"allow":["GET"]}}],"collection":[{"href":"https:\/\/www.joma-orhei.md\/ru\/wp-json\/wp\/v2\/product"}],"about":[{"href":"https:\/\/www.joma-orhei.md\/ru\/wp-json\/wp\/v2\/types\/product"}],"wp:featuredmedia":[{"embeddable":true,"href":"https:\/\/www.joma-orhei.md\/ru\/wp-json\/wp\/v2\/media\/41546"}],"wp:attachment":[{"href":"https:\/\/www.joma-orhei.md\/ru\/wp-json\/wp\/v2\/media?parent=41545"}],"wp:term":[{"taxonomy":"product_brand","embeddable":true,"href":"https:\/\/www.joma-orhei.md\/ru\/wp-json\/wp\/v2\/product_brand?post=41545"},{"taxonomy":"product_cat","embeddable":true,"href":"https:\/\/www.joma-orhei.md\/ru\/wp-json\/wp\/v2\/product_cat?post=41545"},{"taxonomy":"product_tag","embeddable":true,"href":"https:\/\/www.joma-orhei.md\/ru\/wp-json\/wp\/v2\/product_tag?post=41545"}],"curies":[{"name":"wp","href":"https:\/\/api.w.org\/{rel}","templated":true}]}}