{"id":41537,"date":"2026-03-08T16:17:04","date_gmt":"2026-03-08T14:17:04","guid":{"rendered":"https:\/\/www.joma-orhei.md\/?post_type=product&#038;p=41537"},"modified":"2026-03-08T16:30:57","modified_gmt":"2026-03-08T14:30:57","slug":"c521s2612-c-521-men-2612-gray","status":"publish","type":"product","link":"https:\/\/www.joma-orhei.md\/ru\/product\/c521s2612-c-521-men-2612-gray\/","title":{"rendered":"C521S2612 -C.521 MEN 2612 GRAY"},"content":{"rendered":"<p>Pantofi sport pentru b\u0103rba\u021bi. Model conceput pentru purtare zilnic\u0103, combin\u00e2nd confortul, versatilitatea \u0219i durabilitatea. Inspirat de linia clasic\u0103 Joma Heritage creat\u0103 \u00een anii &#8217;70, acum se remarc\u0103 prin stilul s\u0103u actualizat, bazat pe cele mai recente tendin\u021be \u00een materie de \u00eenc\u0103l\u021b\u0103minte sport. Partea superioar\u0103 este realizat\u0103 combin\u00e2nd material textil \u0219i piele sintetic\u0103. Utilizarea acestor trei materiale ofer\u0103 confort, lejeritate \u0219i durabilitate ridicat\u0103. Talp\u0103 intermediar\u0103 din phylon, un material u\u0219or \u0219i flexibil, cu capacitatea de a absorbi impacturile.<\/p>","protected":false},"excerpt":{"rendered":"<p>Pantofi sport pentru b\u0103rba\u021bi.<\/p>","protected":false},"featured_media":41544,"template":"","meta":{"_themeisle_gutenberg_block_has_review":false},"product_brand":[370],"product_cat":[321,307,320],"product_tag":[],"class_list":{"0":"post-41537","1":"product","2":"type-product","3":"status-publish","4":"has-post-thumbnail","6":"product_brand-joma","7":"product_cat-adidasi","8":"product_cat-barbati","9":"product_cat-incaltaminte","10":"pa_marime-pantofi-371","11":"pa_marime-pantofi-377","12":"pa_marime-pantofi-378","13":"pa_marime-pantofi-379","14":"pa_marime-pantofi-380","16":"first","17":"instock","18":"shipping-taxable","19":"purchasable","20":"product-type-variable"},"_links":{"self":[{"href":"https:\/\/www.joma-orhei.md\/ru\/wp-json\/wp\/v2\/product\/41537","targetHints":{"allow":["GET"]}}],"collection":[{"href":"https:\/\/www.joma-orhei.md\/ru\/wp-json\/wp\/v2\/product"}],"about":[{"href":"https:\/\/www.joma-orhei.md\/ru\/wp-json\/wp\/v2\/types\/product"}],"wp:featuredmedia":[{"embeddable":true,"href":"https:\/\/www.joma-orhei.md\/ru\/wp-json\/wp\/v2\/media\/41544"}],"wp:attachment":[{"href":"https:\/\/www.joma-orhei.md\/ru\/wp-json\/wp\/v2\/media?parent=41537"}],"wp:term":[{"taxonomy":"product_brand","embeddable":true,"href":"https:\/\/www.joma-orhei.md\/ru\/wp-json\/wp\/v2\/product_brand?post=41537"},{"taxonomy":"product_cat","embeddable":true,"href":"https:\/\/www.joma-orhei.md\/ru\/wp-json\/wp\/v2\/product_cat?post=41537"},{"taxonomy":"product_tag","embeddable":true,"href":"https:\/\/www.joma-orhei.md\/ru\/wp-json\/wp\/v2\/product_tag?post=41537"}],"curies":[{"name":"wp","href":"https:\/\/api.w.org\/{rel}","templated":true}]}}