{"id":41518,"date":"2026-03-08T16:00:25","date_gmt":"2026-03-08T14:00:25","guid":{"rendered":"https:\/\/www.joma-orhei.md\/?post_type=product&#038;p=41518"},"modified":"2026-03-08T16:16:42","modified_gmt":"2026-03-08T14:16:42","slug":"c200s2403-c-200-men-2403-navy-blue","status":"publish","type":"product","link":"https:\/\/www.joma-orhei.md\/ru\/product\/c200s2403-c-200-men-2403-navy-blue\/","title":{"rendered":"C200S2403 -C.200 MEN 2403 NAVY BLUE"},"content":{"rendered":"<p>Descoperi\u021bi adida\u0219i casual pentru b\u0103rba\u021bi, perfec\u021bi pentru utilizarea de zi cu zi, g\u00e2ndi\u021bi pentru durabilitatea de care ave\u021bi nevoie. Pantofii confec\u021biona\u021bi dintr-o combina\u021bie de \u021bes\u0103tur\u0103 \u0219i piele ofer\u0103 lejeritate, respirabilitate \u0219i flexibilitate. Echipate cu mici perfora\u021bii pe partea din fa\u021b\u0103 a c\u0103ptu\u0219ei cu sistem de ventila\u021bie VTS, men\u021bin piciorul rece. Talpa intermediar\u0103 flexibil\u0103 Phylon amortizeaz\u0103 fiecare pas, oferind stabilitate datorit\u0103 elementului de c\u0103lc\u00e2i, care \u00eempiedic\u0103 r\u0103sucirea \u0219i \u00eendoirea pantofului. Talpa din cauciuc DURABILITY este rezistent\u0103 la abraziune, prelungind durata de via\u021b\u0103 a \u00eenc\u0103l\u021b\u0103mintei.<\/p>","protected":false},"excerpt":{"rendered":"<p>Descoperi\u021bi adida\u0219i casual pentru b\u0103rba\u021bi, perfec\u021bi pentru utilizarea de zi cu zi, g\u00e2ndi\u021bi pentru durabilitatea de care ave\u021bi nevoie. Pantofii confec\u021biona\u021bi dintr-o combina\u021bie de \u021bes\u0103tur\u0103 \u0219i piele ofer\u0103&hellip;<\/p>","protected":false},"featured_media":41519,"template":"","meta":{"_themeisle_gutenberg_block_has_review":false},"product_brand":[370],"product_cat":[321,307,320],"product_tag":[],"class_list":{"0":"post-41518","1":"product","2":"type-product","3":"status-publish","4":"has-post-thumbnail","6":"product_brand-joma","7":"product_cat-adidasi","8":"product_cat-barbati","9":"product_cat-incaltaminte","10":"pa_marime-pantofi-371","12":"first","13":"instock","14":"shipping-taxable","15":"purchasable","16":"product-type-variable"},"_links":{"self":[{"href":"https:\/\/www.joma-orhei.md\/ru\/wp-json\/wp\/v2\/product\/41518","targetHints":{"allow":["GET"]}}],"collection":[{"href":"https:\/\/www.joma-orhei.md\/ru\/wp-json\/wp\/v2\/product"}],"about":[{"href":"https:\/\/www.joma-orhei.md\/ru\/wp-json\/wp\/v2\/types\/product"}],"wp:featuredmedia":[{"embeddable":true,"href":"https:\/\/www.joma-orhei.md\/ru\/wp-json\/wp\/v2\/media\/41519"}],"wp:attachment":[{"href":"https:\/\/www.joma-orhei.md\/ru\/wp-json\/wp\/v2\/media?parent=41518"}],"wp:term":[{"taxonomy":"product_brand","embeddable":true,"href":"https:\/\/www.joma-orhei.md\/ru\/wp-json\/wp\/v2\/product_brand?post=41518"},{"taxonomy":"product_cat","embeddable":true,"href":"https:\/\/www.joma-orhei.md\/ru\/wp-json\/wp\/v2\/product_cat?post=41518"},{"taxonomy":"product_tag","embeddable":true,"href":"https:\/\/www.joma-orhei.md\/ru\/wp-json\/wp\/v2\/product_tag?post=41518"}],"curies":[{"name":"wp","href":"https:\/\/api.w.org\/{rel}","templated":true}]}}