{"id":41514,"date":"2026-03-08T15:56:38","date_gmt":"2026-03-08T13:56:38","guid":{"rendered":"https:\/\/www.joma-orhei.md\/?post_type=product&#038;p=41514"},"modified":"2026-03-08T15:56:38","modified_gmt":"2026-03-08T13:56:38","slug":"c200s2402-c-200-men-2402-white-beige","status":"publish","type":"product","link":"https:\/\/www.joma-orhei.md\/ru\/product\/c200s2402-c-200-men-2402-white-beige\/","title":{"rendered":"C200S2402 -C.200 MEN 2402 WHITE BEIGE"},"content":{"rendered":"<p>Adida\u0219ii Joma C.200 MEN &#8211; sunt elegan\u021bi \u0219i confortabili pentru b\u0103rba\u021bi. Partea superioar\u0103 alb\u0103 este confec\u021bionat\u0103 din materiale respirabile cu detalii \u00een culoarea navy. Talpa ergonomic\u0103 ofer\u0103 amortizare \u0219i sus\u021binere. \u0218ireturile sunt fiabile.<\/p>","protected":false},"excerpt":{"rendered":"<p>Adida\u0219ii Joma C.200 MEN &#8211; sunt elegan\u021bi \u0219i confortabili pentru b\u0103rba\u021bi<\/p>","protected":false},"featured_media":41515,"template":"","meta":{"_themeisle_gutenberg_block_has_review":false},"product_brand":[370],"product_cat":[321,307,320],"product_tag":[],"class_list":{"0":"post-41514","1":"product","2":"type-product","3":"status-publish","4":"has-post-thumbnail","6":"product_brand-joma","7":"product_cat-adidasi","8":"product_cat-barbati","9":"product_cat-incaltaminte","10":"pa_marime-pantofi-371","12":"first","13":"instock","14":"shipping-taxable","15":"purchasable","16":"product-type-variable"},"_links":{"self":[{"href":"https:\/\/www.joma-orhei.md\/ru\/wp-json\/wp\/v2\/product\/41514","targetHints":{"allow":["GET"]}}],"collection":[{"href":"https:\/\/www.joma-orhei.md\/ru\/wp-json\/wp\/v2\/product"}],"about":[{"href":"https:\/\/www.joma-orhei.md\/ru\/wp-json\/wp\/v2\/types\/product"}],"wp:featuredmedia":[{"embeddable":true,"href":"https:\/\/www.joma-orhei.md\/ru\/wp-json\/wp\/v2\/media\/41515"}],"wp:attachment":[{"href":"https:\/\/www.joma-orhei.md\/ru\/wp-json\/wp\/v2\/media?parent=41514"}],"wp:term":[{"taxonomy":"product_brand","embeddable":true,"href":"https:\/\/www.joma-orhei.md\/ru\/wp-json\/wp\/v2\/product_brand?post=41514"},{"taxonomy":"product_cat","embeddable":true,"href":"https:\/\/www.joma-orhei.md\/ru\/wp-json\/wp\/v2\/product_cat?post=41514"},{"taxonomy":"product_tag","embeddable":true,"href":"https:\/\/www.joma-orhei.md\/ru\/wp-json\/wp\/v2\/product_tag?post=41514"}],"curies":[{"name":"wp","href":"https:\/\/api.w.org\/{rel}","templated":true}]}}