{"id":41501,"date":"2026-03-08T15:19:25","date_gmt":"2026-03-08T13:19:25","guid":{"rendered":"https:\/\/www.joma-orhei.md\/?post_type=product&#038;p=41501"},"modified":"2026-03-08T15:19:25","modified_gmt":"2026-03-08T13:19:25","slug":"c1992s2403-c-1992-men-2403-navy-grey","status":"publish","type":"product","link":"https:\/\/www.joma-orhei.md\/ru\/product\/c1992s2403-c-1992-men-2403-navy-grey\/","title":{"rendered":"C1992S2403 -C.1992 MEN 2403 NAVY GREY"},"content":{"rendered":"<p>Pantofi sport pentru b\u0103rba\u021bi. C.1992 se al\u0103tur\u0103 \u00eenc\u0103l\u021b\u0103mintei durabile Joma cu acest design vintage foarte elegant, inspirat de moda clasic\u0103, dar adaptat tendin\u021belor actuale. Perfect pentru orice activitate de zi cu zi. Fa\u021b\u0103 din plas\u0103 respirabil\u0103 \u0219i piele, o combina\u021bie de materiale care ofer\u0103 evacuarea transpira\u021biei prin sistemul VTS, precum \u0219i durabilitate \u0219i calitate \u00eenalt\u0103 prin piele. \u0218ablon realizat din materiale reciclate. Talp\u0103 intermediar\u0103 realizat\u0103 din phylon reciclat, un material u\u0219or, flexibil, cu capacitatea de a absorbi impactul. Produc\u021bia sa din materiale reciclate face parte din angajamentul Joma de a avea grij\u0103 de planet\u0103. Are STABILIS spate pentru a stabiliza treapta. DURABILITATE talpa de cauciuc realizata si din materiale reciclate. Usoara si foarte rezistenta la abraziune.<\/p>","protected":false},"excerpt":{"rendered":"<p>Pantofi sport pentru b\u0103rba\u021bi<\/p>","protected":false},"featured_media":41502,"template":"","meta":{"_themeisle_gutenberg_block_has_review":false},"product_brand":[370],"product_cat":[321,307,320],"product_tag":[],"class_list":{"0":"post-41501","1":"product","2":"type-product","3":"status-publish","4":"has-post-thumbnail","6":"product_brand-joma","7":"product_cat-adidasi","8":"product_cat-barbati","9":"product_cat-incaltaminte","10":"pa_marime-pantofi-376","12":"first","13":"instock","14":"shipping-taxable","15":"purchasable","16":"product-type-variable"},"_links":{"self":[{"href":"https:\/\/www.joma-orhei.md\/ru\/wp-json\/wp\/v2\/product\/41501","targetHints":{"allow":["GET"]}}],"collection":[{"href":"https:\/\/www.joma-orhei.md\/ru\/wp-json\/wp\/v2\/product"}],"about":[{"href":"https:\/\/www.joma-orhei.md\/ru\/wp-json\/wp\/v2\/types\/product"}],"wp:featuredmedia":[{"embeddable":true,"href":"https:\/\/www.joma-orhei.md\/ru\/wp-json\/wp\/v2\/media\/41502"}],"wp:attachment":[{"href":"https:\/\/www.joma-orhei.md\/ru\/wp-json\/wp\/v2\/media?parent=41501"}],"wp:term":[{"taxonomy":"product_brand","embeddable":true,"href":"https:\/\/www.joma-orhei.md\/ru\/wp-json\/wp\/v2\/product_brand?post=41501"},{"taxonomy":"product_cat","embeddable":true,"href":"https:\/\/www.joma-orhei.md\/ru\/wp-json\/wp\/v2\/product_cat?post=41501"},{"taxonomy":"product_tag","embeddable":true,"href":"https:\/\/www.joma-orhei.md\/ru\/wp-json\/wp\/v2\/product_tag?post=41501"}],"curies":[{"name":"wp","href":"https:\/\/api.w.org\/{rel}","templated":true}]}}